{"id":18,"date":"2023-04-22T12:33:22","date_gmt":"2023-04-22T16:33:22","guid":{"rendered":"https:\/\/blogs.butler.edu\/spanish2032023\/?page_id=18"},"modified":"2023-04-23T23:52:14","modified_gmt":"2023-04-24T03:52:14","slug":"home","status":"publish","type":"page","link":"https:\/\/blogs.butler.edu\/spanish2032023\/","title":{"rendered":"Victoria Atwater"},"content":{"rendered":"<p><strong> <a href=\"http:\/\/blogs.butler.edu\/spanish2032023\/files\/2023\/04\/download-1.png\"><img loading=\"lazy\" decoding=\"async\" class=\" wp-image-19 aligncenter\" src=\"http:\/\/blogs.butler.edu\/spanish2032023\/files\/2023\/04\/download-1.png\" alt=\"\" width=\"488\" height=\"257\" srcset=\"https:\/\/blogs.butler.edu\/spanish2032023\/files\/2023\/04\/download-1.png 310w, https:\/\/blogs.butler.edu\/spanish2032023\/files\/2023\/04\/download-1-300x158.png 300w\" sizes=\"auto, (max-width: 488px) 100vw, 488px\" \/><\/a><\/strong><\/p>\n<p>\u00a1Hola!<\/p>\n<p>Me llamo Victoria y este a\u00f1o empiezo conocer espa\u00f1ol intermedio 1. Yo soy un estudiante a Butler Universidad y estudiando psicolog\u00eda y neurociencia porque, quiero ser una doctora. Tambi\u00e9n, aprendiendo espa\u00f1ol porque, quiero ser fluida en un otro idioma. Con mi grado de Butler, yo planeo ir escuela de posgrado. Durante el tiempo a Butler, creo que deba estudiar en un otro pa\u00eds, tal vez Italia o Alemania. Pero, si mi espa\u00f1ol mejora, yo quiero viajar a Espa\u00f1a.<\/p>\n","protected":false},"excerpt":{"rendered":"<p>\u00a1Hola! Me llamo Victoria y este a\u00f1o empiezo conocer espa\u00f1ol intermedio 1. Yo soy un estudiante a Butler Universidad y estudiando psicolog\u00eda y neurociencia porque, quiero ser una doctora. Tambi\u00e9n, <a class=\"more-link\" href=\"https:\/\/blogs.butler.edu\/spanish2032023\/\">Continue Reading &rarr;<\/a><\/p>\n","protected":false},"author":9198170,"featured_media":0,"parent":0,"menu_order":0,"comment_status":"closed","ping_status":"closed","template":"","meta":{"footnotes":""},"class_list":["post-18","page","type-page","status-publish","hentry"],"_links":{"self":[{"href":"https:\/\/blogs.butler.edu\/spanish2032023\/wp-json\/wp\/v2\/pages\/18","targetHints":{"allow":["GET"]}}],"collection":[{"href":"https:\/\/blogs.butler.edu\/spanish2032023\/wp-json\/wp\/v2\/pages"}],"about":[{"href":"https:\/\/blogs.butler.edu\/spanish2032023\/wp-json\/wp\/v2\/types\/page"}],"author":[{"embeddable":true,"href":"https:\/\/blogs.butler.edu\/spanish2032023\/wp-json\/wp\/v2\/users\/9198170"}],"replies":[{"embeddable":true,"href":"https:\/\/blogs.butler.edu\/spanish2032023\/wp-json\/wp\/v2\/comments?post=18"}],"version-history":[{"count":3,"href":"https:\/\/blogs.butler.edu\/spanish2032023\/wp-json\/wp\/v2\/pages\/18\/revisions"}],"predecessor-version":[{"id":28,"href":"https:\/\/blogs.butler.edu\/spanish2032023\/wp-json\/wp\/v2\/pages\/18\/revisions\/28"}],"wp:attachment":[{"href":"https:\/\/blogs.butler.edu\/spanish2032023\/wp-json\/wp\/v2\/media?parent=18"}],"curies":[{"name":"wp","href":"https:\/\/api.w.org\/{rel}","templated":true}]}}