{"id":210,"date":"2023-04-22T10:59:11","date_gmt":"2023-04-22T14:59:11","guid":{"rendered":"https:\/\/blogs.butler.edu\/victoriaatwater\/?page_id=210"},"modified":"2023-04-22T12:03:22","modified_gmt":"2023-04-22T16:03:22","slug":"tarea-escritas","status":"publish","type":"page","link":"https:\/\/blogs.butler.edu\/victoriaatwater\/tarea-escritas\/","title":{"rendered":"Tarea Escritas 1 y 4"},"content":{"rendered":"<p><strong>\u00a0Tarea Escrita 1A:\u00a0Actividades con la familia\u00a0\u00a0<\/strong><\/p>\n<p>Post: Cuando salgo Butler Universidad, voy a mi casa en Michigan. Cuando soy a mi casa, me gusta ver mi familia. Usualmente, mi madre y yo vamos de compras en una cerca ciudad.\u00a0 No salimos frecuentemente porque las tiendas son caras. En mi casa, mi hermano y yo miramos las pel\u00edculas de comedia a veces. Mi hermano encanta las pel\u00edculas de horror, pero yo las odio. \u00a0Tambi\u00e9n, cada semana, cocino con mi madre. Yo siempre concino la cena y a veces los postres. Cada noche, mi abuela, madre, hermano, y yo jugamos juegos de mesa. En la ma\u00f1ana, mi madre y yo llevamos nos perro, Lucy, a pasear. En Michigan, hace frio as\u00ed que la caminata es corta. A veces, mi abuela pasea con nos.<\/p>\n<p>Response: Mya y yo somos similares porque, cuando salimos a nos casas, jugamos juegos de mesas con nos familias. Yo tambi\u00e9n me gusta ir de compras con mi madre. Nosotros somos diferentes porque, su abuela tiene una fiesta, pero, en mi familia, mi t\u00eda tiene una fiesta. Es usualmente para Navidad, unos cumplea\u00f1os, o algo diferente.<\/p>\n<p>&nbsp;<\/p>\n<p><strong>Tarea Escrita 4: Mi ciudad\/Mi pueblo<\/strong><\/p>\n<p>Response:<\/p>\n<p>Hay mucha gente en mi ciudad natal, alrededor de 83.000. No hay gente famosa de Farmington. En el verano sol\u00eda haber festivales de huertos donde los artistas vend\u00edan sus obras de arte y hab\u00eda frutas y verduras frescas. En Farmington, hay muchas \u00e1reas abiertas con c\u00e9sped. En invierno, hace mucho fr\u00edo y hay mucha nieve. Las carreteras est\u00e1n heladas y es dif\u00edcil conducir. No hay universidades en mi ciudad, pero hay muchas escuelas primarias, pero solo hay 3 escuelas intermedias y 3 escuelas secundarias. No estamos cerca del mar y los Grandes Lagos est\u00e1n a varias horas de distancia. Mi ciudad es ecol\u00f3gica porque reciclamos. No hay terrazas, pero hay un mirador que se encuentra en el patio de una mansi\u00f3n hist\u00f3rica. El mejor barrio para vivir es en el que vivo porque no es tan caro y las casas son grandes. Algunos de los restaurantes son buenos, pero algunos son caros. Creo que Farmington es el mejor pueblo.<\/p>\n<p>Farmington es muy bonita, as\u00ed que, pienso que personas debas caminar en el pueblo. Es cierto que hay muchas tiendas y pasteler\u00edas. Si una persona vista Farmington, te sugiero que ellos vengan a las festivales<\/p>\n","protected":false},"excerpt":{"rendered":"<p>\u00a0Tarea Escrita 1A:\u00a0Actividades con la familia\u00a0\u00a0 Post: Cuando salgo Butler Universidad, voy a mi casa en Michigan. Cuando soy a mi casa, me gusta ver mi familia. Usualmente, mi madre <a class=\"more-link\" href=\"https:\/\/blogs.butler.edu\/victoriaatwater\/tarea-escritas\/\">Continue Reading &rarr;<\/a><\/p>\n","protected":false},"author":9198170,"featured_media":0,"parent":0,"menu_order":0,"comment_status":"closed","ping_status":"closed","template":"","meta":{"footnotes":""},"class_list":["post-210","page","type-page","status-publish","hentry"],"_links":{"self":[{"href":"https:\/\/blogs.butler.edu\/victoriaatwater\/wp-json\/wp\/v2\/pages\/210","targetHints":{"allow":["GET"]}}],"collection":[{"href":"https:\/\/blogs.butler.edu\/victoriaatwater\/wp-json\/wp\/v2\/pages"}],"about":[{"href":"https:\/\/blogs.butler.edu\/victoriaatwater\/wp-json\/wp\/v2\/types\/page"}],"author":[{"embeddable":true,"href":"https:\/\/blogs.butler.edu\/victoriaatwater\/wp-json\/wp\/v2\/users\/9198170"}],"replies":[{"embeddable":true,"href":"https:\/\/blogs.butler.edu\/victoriaatwater\/wp-json\/wp\/v2\/comments?post=210"}],"version-history":[{"count":3,"href":"https:\/\/blogs.butler.edu\/victoriaatwater\/wp-json\/wp\/v2\/pages\/210\/revisions"}],"predecessor-version":[{"id":254,"href":"https:\/\/blogs.butler.edu\/victoriaatwater\/wp-json\/wp\/v2\/pages\/210\/revisions\/254"}],"wp:attachment":[{"href":"https:\/\/blogs.butler.edu\/victoriaatwater\/wp-json\/wp\/v2\/media?parent=210"}],"curies":[{"name":"wp","href":"https:\/\/api.w.org\/{rel}","templated":true}]}}